{"id":2317,"date":"2022-04-22T00:00:26","date_gmt":"2022-04-22T00:00:26","guid":{"rendered":"https:\/\/vica.berlin\/?page_id=2317"},"modified":"2024-05-07T09:20:14","modified_gmt":"2024-05-07T09:20:14","slug":"imprint","status":"publish","type":"page","link":"https:\/\/vica.berlin\/en\/imprint\/","title":{"rendered":"Imprint"},"content":{"rendered":"<div class=\"wpb-content-wrapper\"><p>[vc_row row_type=&#8221;row&#8221; use_row_as_full_screen_section=&#8221;no&#8221; type=&#8221;full_width&#8221; text_align=&#8221;left&#8221; background_animation=&#8221;none&#8221; css_animation=&#8221;&#8221; css=&#8221;.vc_custom_1655037779226{margin-top: 50px !important;margin-right: 20px !important;margin-left: 20px !important;}&#8221;][vc_column][vc_column_text]<\/p>\n<h1>Imprint<\/h1>\n<p>[\/vc_column_text][\/vc_column][\/vc_row][vc_row row_type=&#8221;row&#8221; use_row_as_full_screen_section=&#8221;no&#8221; type=&#8221;full_width&#8221; text_align=&#8221;left&#8221; background_animation=&#8221;none&#8221; css_animation=&#8221;&#8221; css=&#8221;.vc_custom_1655037789826{margin-top: 20px !important;margin-right: 50px !important;margin-bottom: 50px !important;margin-left: 50px !important;}&#8221;][vc_column][vc_column_text css=&#8221;.vc_custom_1655037842531{margin-bottom: 10px !important;}&#8221;]<\/p>\n<h6>Responsible for the content<\/h6>\n<p>[\/vc_column_text][vc_column_text css=&#8221;.vc_custom_1715073605646{margin-bottom: 20px !important;}&#8221;]VICA Immobilien Management GmbH<br \/>\nIn den Florag\u00e4rten 8<br \/>\nD-13187 Berlin<br \/>\nGermany[\/vc_column_text][vc_column_text css=&#8221;.vc_custom_1655037869818{margin-bottom: 10px !important;}&#8221;]<\/p>\n<h6>Authorized Representatives<\/h6>\n<p>[\/vc_column_text][vc_column_text css=&#8221;.vc_custom_1655037880643{margin-bottom: 20px !important;}&#8221;]Managing Partner: Stefanie Gurow<br \/>\nE-mail address: <a href=\"mailto:info@vica.berlin?subject=Request via vica.berlin\">info@vica.berlin<\/a><br \/>\nPhone: +49 30 57711363[\/vc_column_text][vc_column_text css=&#8221;.vc_custom_1656351869511{margin-bottom: 20px !important;}&#8221;]Commercial register: District Court Charlottenburg HRB 242414 B[\/vc_column_text][vc_column_text css=&#8221;.vc_custom_1655037964513{margin-bottom: 10px !important;}&#8221;]<\/p>\n<h6>Dispute Resolution<\/h6>\n<p>[\/vc_column_text][vc_column_text css=&#8221;.vc_custom_1655037935258{margin-bottom: 20px !important;}&#8221;]For settling consumer disputes out-of-court, the European Union offers a platform for online dispute resolution (\u201cODR platform\u201c) at <a href=\"https:\/\/ec.europa.eu\/consumers\/odr\" target=\"_blank\" rel=\"noopener\">https:\/\/ec.europa.eu\/consumers\/odr<\/a>.[\/vc_column_text][vc_column_text css=&#8221;.vc_custom_1655037990489{margin-bottom: 10px !important;}&#8221;]<\/p>\n<h6>Design + Realization<\/h6>\n<p>[\/vc_column_text][vc_column_text css=&#8221;.vc_custom_1655038013090{margin-bottom: 20px !important;}&#8221;]DESERVE Berlin<br \/>\nLars Schneider<br \/>\n<a href=\"mailto:berlin@deserve.de?subject=Anfrage \u00fcber vica.berlin\">berlin@deserve.de<\/a><br \/>\n<a href=\"https:\/\/deserve.de\" target=\"_blank\" rel=\"noopener\">deserve.de<\/a>[\/vc_column_text][vc_column_text css=&#8221;.vc_custom_1655038025730{margin-bottom: 10px !important;}&#8221;]<\/p>\n<h6>Photos<\/h6>\n<p>[\/vc_column_text][vc_column_text]Darshana Photography<br \/>\nDarshana Borges<br \/>\n<a href=\"mailto:berlin@deserve.de?subject=Anfrage \u00fcber vica.berlin\">info@darshana-fotografie.de<\/a><br \/>\n<a href=\"https:\/\/darshana-fotografie.de\" target=\"_blank\" rel=\"noopener\">darshana-fotografie.de<\/a>[\/vc_column_text][\/vc_column][\/vc_row]<\/p>\n<\/div>","protected":false},"excerpt":{"rendered":"<p>[vc_row row_type=&#8221;row&#8221; use_row_as_full_screen_section=&#8221;no&#8221; type=&#8221;full_width&#8221; text_align=&#8221;left&#8221; background_animation=&#8221;none&#8221; css_animation=&#8221;&#8221; css=&#8221;.vc_custom_1655037779226{margin-top: 50px !important;margin-right: 20px !important;margin-left: 20px !important;}&#8221;][vc_column][vc_column_text] Imprint [\/vc_column_text][\/vc_column][\/vc_row][vc_row row_type=&#8221;row&#8221; use_row_as_full_screen_section=&#8221;no&#8221; type=&#8221;full_width&#8221; text_align=&#8221;left&#8221; background_animation=&#8221;none&#8221; css_animation=&#8221;&#8221; css=&#8221;.vc_custom_1655037789826{margin-top: 20px !important;margin-right: 50px !important;margin-bottom: 50px !important;margin-left: 50px !important;}&#8221;][vc_column][vc_column_text css=&#8221;.vc_custom_1655037842531{margin-bottom: 10px !important;}&#8221;] Responsible for the content [\/vc_column_text][vc_column_text css=&#8221;.vc_custom_1715073605646{margin-bottom: 20px !important;}&#8221;]VICA Immobilien Management GmbH&#8230;<\/p>\n","protected":false},"author":1,"featured_media":0,"parent":0,"menu_order":11,"comment_status":"closed","ping_status":"closed","template":"full_width.php","meta":{"footnotes":""},"class_list":["post-2317","page","type-page","status-publish","hentry"],"yoast_head":"<!-- This site is optimized with the Yoast SEO plugin v27.4 - https:\/\/yoast.com\/product\/yoast-seo-wordpress\/ -->\n<title>Imprint &#8212; VICA<\/title>\n<meta name=\"robots\" content=\"index, follow, max-snippet:-1, max-image-preview:large, max-video-preview:-1\" \/>\n<link rel=\"canonical\" href=\"https:\/\/vica.berlin\/en\/imprint\/\" \/>\n<meta property=\"og:locale\" content=\"en_US\" \/>\n<meta property=\"og:type\" content=\"article\" \/>\n<meta property=\"og:title\" content=\"Imprint &#8212; VICA\" \/>\n<meta property=\"og:description\" content=\"[vc_row row_type=&#8221;row&#8221; use_row_as_full_screen_section=&#8221;no&#8221; type=&#8221;full_width&#8221; text_align=&#8221;left&#8221; background_animation=&#8221;none&#8221; css_animation=&#8221;&#8221; css=&#8221;.vc_custom_1655037779226{margin-top: 50px !important;margin-right: 20px !important;margin-left: 20px !important;}&#8221;][vc_column][vc_column_text] Imprint [\/vc_column_text][\/vc_column][\/vc_row][vc_row row_type=&#8221;row&#8221; use_row_as_full_screen_section=&#8221;no&#8221; type=&#8221;full_width&#8221; text_align=&#8221;left&#8221; background_animation=&#8221;none&#8221; css_animation=&#8221;&#8221; css=&#8221;.vc_custom_1655037789826{margin-top: 20px !important;margin-right: 50px !important;margin-bottom: 50px !important;margin-left: 50px !important;}&#8221;][vc_column][vc_column_text css=&#8221;.vc_custom_1655037842531{margin-bottom: 10px !important;}&#8221;] Responsible for the content [\/vc_column_text][vc_column_text css=&#8221;.vc_custom_1715073605646{margin-bottom: 20px !important;}&#8221;]VICA Immobilien Management GmbH...\" \/>\n<meta property=\"og:url\" content=\"https:\/\/vica.berlin\/en\/imprint\/\" \/>\n<meta property=\"og:site_name\" content=\"VICA\" \/>\n<meta property=\"article:publisher\" content=\"https:\/\/www.facebook.com\/vica.berlin\" \/>\n<meta property=\"article:modified_time\" content=\"2024-05-07T09:20:14+00:00\" \/>\n<meta property=\"og:image\" content=\"https:\/\/vica.berlin\/wp-content\/uploads\/2022\/04\/vica_color_1200.png\" \/>\n\t<meta property=\"og:image:width\" content=\"1200\" \/>\n\t<meta property=\"og:image:height\" content=\"326\" \/>\n\t<meta property=\"og:image:type\" content=\"image\/png\" \/>\n<meta name=\"twitter:card\" content=\"summary_large_image\" \/>\n<meta name=\"twitter:label1\" content=\"Est. reading time\" \/>\n\t<meta name=\"twitter:data1\" content=\"1 minute\" \/>\n<script type=\"application\/ld+json\" class=\"yoast-schema-graph\">{\"@context\":\"https:\\\/\\\/schema.org\",\"@graph\":[{\"@type\":\"WebPage\",\"@id\":\"https:\\\/\\\/vica.berlin\\\/en\\\/imprint\\\/\",\"url\":\"https:\\\/\\\/vica.berlin\\\/en\\\/imprint\\\/\",\"name\":\"Imprint &#8212; VICA\",\"isPartOf\":{\"@id\":\"https:\\\/\\\/vica.berlin\\\/en\\\/#website\"},\"datePublished\":\"2022-04-22T00:00:26+00:00\",\"dateModified\":\"2024-05-07T09:20:14+00:00\",\"breadcrumb\":{\"@id\":\"https:\\\/\\\/vica.berlin\\\/en\\\/imprint\\\/#breadcrumb\"},\"inLanguage\":\"en-US\",\"potentialAction\":[{\"@type\":\"ReadAction\",\"target\":[\"https:\\\/\\\/vica.berlin\\\/en\\\/imprint\\\/\"]}]},{\"@type\":\"BreadcrumbList\",\"@id\":\"https:\\\/\\\/vica.berlin\\\/en\\\/imprint\\\/#breadcrumb\",\"itemListElement\":[{\"@type\":\"ListItem\",\"position\":1,\"name\":\"Startseite\",\"item\":\"https:\\\/\\\/vica.berlin\\\/en\\\/\"},{\"@type\":\"ListItem\",\"position\":2,\"name\":\"Imprint\"}]},{\"@type\":\"WebSite\",\"@id\":\"https:\\\/\\\/vica.berlin\\\/en\\\/#website\",\"url\":\"https:\\\/\\\/vica.berlin\\\/en\\\/\",\"name\":\"VICA Immobilienservice f\u00fcr Expats\",\"description\":\"Immobilienbetreuung &amp; Eigent\u00fcmervertretung\",\"publisher\":{\"@id\":\"https:\\\/\\\/vica.berlin\\\/en\\\/#organization\"},\"alternateName\":\"Ma\u00dfgeschneiderte L\u00f6sungen f\u00fcr Sie und Ihre Immobilie\",\"potentialAction\":[{\"@type\":\"SearchAction\",\"target\":{\"@type\":\"EntryPoint\",\"urlTemplate\":\"https:\\\/\\\/vica.berlin\\\/en\\\/?s={search_term_string}\"},\"query-input\":{\"@type\":\"PropertyValueSpecification\",\"valueRequired\":true,\"valueName\":\"search_term_string\"}}],\"inLanguage\":\"en-US\"},{\"@type\":\"Organization\",\"@id\":\"https:\\\/\\\/vica.berlin\\\/en\\\/#organization\",\"name\":\"VICA Immobilien Management GmbH\",\"url\":\"https:\\\/\\\/vica.berlin\\\/en\\\/\",\"logo\":{\"@type\":\"ImageObject\",\"inLanguage\":\"en-US\",\"@id\":\"https:\\\/\\\/vica.berlin\\\/en\\\/#\\\/schema\\\/logo\\\/image\\\/\",\"url\":\"https:\\\/\\\/vica.berlin\\\/wp-content\\\/uploads\\\/2022\\\/03\\\/vica_color_300.png\",\"contentUrl\":\"https:\\\/\\\/vica.berlin\\\/wp-content\\\/uploads\\\/2022\\\/03\\\/vica_color_300.png\",\"width\":300,\"height\":82,\"caption\":\"VICA Immobilien Management GmbH\"},\"image\":{\"@id\":\"https:\\\/\\\/vica.berlin\\\/en\\\/#\\\/schema\\\/logo\\\/image\\\/\"},\"sameAs\":[\"https:\\\/\\\/www.facebook.com\\\/vica.berlin\",\"https:\\\/\\\/www.instagram.com\\\/vica.berlin\\\/\",\"https:\\\/\\\/www.linkedin.com\\\/in\\\/stefanie-gurow-20770b1b3\\\/\"]}]}<\/script>\n<!-- \/ Yoast SEO plugin. -->","yoast_head_json":{"title":"Imprint &#8212; VICA","robots":{"index":"index","follow":"follow","max-snippet":"max-snippet:-1","max-image-preview":"max-image-preview:large","max-video-preview":"max-video-preview:-1"},"canonical":"https:\/\/vica.berlin\/en\/imprint\/","og_locale":"en_US","og_type":"article","og_title":"Imprint &#8212; VICA","og_description":"[vc_row row_type=&#8221;row&#8221; use_row_as_full_screen_section=&#8221;no&#8221; type=&#8221;full_width&#8221; text_align=&#8221;left&#8221; background_animation=&#8221;none&#8221; css_animation=&#8221;&#8221; css=&#8221;.vc_custom_1655037779226{margin-top: 50px !important;margin-right: 20px !important;margin-left: 20px !important;}&#8221;][vc_column][vc_column_text] Imprint [\/vc_column_text][\/vc_column][\/vc_row][vc_row row_type=&#8221;row&#8221; use_row_as_full_screen_section=&#8221;no&#8221; type=&#8221;full_width&#8221; text_align=&#8221;left&#8221; background_animation=&#8221;none&#8221; css_animation=&#8221;&#8221; css=&#8221;.vc_custom_1655037789826{margin-top: 20px !important;margin-right: 50px !important;margin-bottom: 50px !important;margin-left: 50px !important;}&#8221;][vc_column][vc_column_text css=&#8221;.vc_custom_1655037842531{margin-bottom: 10px !important;}&#8221;] Responsible for the content [\/vc_column_text][vc_column_text css=&#8221;.vc_custom_1715073605646{margin-bottom: 20px !important;}&#8221;]VICA Immobilien Management GmbH...","og_url":"https:\/\/vica.berlin\/en\/imprint\/","og_site_name":"VICA","article_publisher":"https:\/\/www.facebook.com\/vica.berlin","article_modified_time":"2024-05-07T09:20:14+00:00","og_image":[{"width":1200,"height":326,"url":"https:\/\/vica.berlin\/wp-content\/uploads\/2022\/04\/vica_color_1200.png","type":"image\/png"}],"twitter_card":"summary_large_image","twitter_misc":{"Est. reading time":"1 minute"},"schema":{"@context":"https:\/\/schema.org","@graph":[{"@type":"WebPage","@id":"https:\/\/vica.berlin\/en\/imprint\/","url":"https:\/\/vica.berlin\/en\/imprint\/","name":"Imprint &#8212; VICA","isPartOf":{"@id":"https:\/\/vica.berlin\/en\/#website"},"datePublished":"2022-04-22T00:00:26+00:00","dateModified":"2024-05-07T09:20:14+00:00","breadcrumb":{"@id":"https:\/\/vica.berlin\/en\/imprint\/#breadcrumb"},"inLanguage":"en-US","potentialAction":[{"@type":"ReadAction","target":["https:\/\/vica.berlin\/en\/imprint\/"]}]},{"@type":"BreadcrumbList","@id":"https:\/\/vica.berlin\/en\/imprint\/#breadcrumb","itemListElement":[{"@type":"ListItem","position":1,"name":"Startseite","item":"https:\/\/vica.berlin\/en\/"},{"@type":"ListItem","position":2,"name":"Imprint"}]},{"@type":"WebSite","@id":"https:\/\/vica.berlin\/en\/#website","url":"https:\/\/vica.berlin\/en\/","name":"VICA Immobilienservice f\u00fcr Expats","description":"Immobilienbetreuung &amp; Eigent\u00fcmervertretung","publisher":{"@id":"https:\/\/vica.berlin\/en\/#organization"},"alternateName":"Ma\u00dfgeschneiderte L\u00f6sungen f\u00fcr Sie und Ihre Immobilie","potentialAction":[{"@type":"SearchAction","target":{"@type":"EntryPoint","urlTemplate":"https:\/\/vica.berlin\/en\/?s={search_term_string}"},"query-input":{"@type":"PropertyValueSpecification","valueRequired":true,"valueName":"search_term_string"}}],"inLanguage":"en-US"},{"@type":"Organization","@id":"https:\/\/vica.berlin\/en\/#organization","name":"VICA Immobilien Management GmbH","url":"https:\/\/vica.berlin\/en\/","logo":{"@type":"ImageObject","inLanguage":"en-US","@id":"https:\/\/vica.berlin\/en\/#\/schema\/logo\/image\/","url":"https:\/\/vica.berlin\/wp-content\/uploads\/2022\/03\/vica_color_300.png","contentUrl":"https:\/\/vica.berlin\/wp-content\/uploads\/2022\/03\/vica_color_300.png","width":300,"height":82,"caption":"VICA Immobilien Management GmbH"},"image":{"@id":"https:\/\/vica.berlin\/en\/#\/schema\/logo\/image\/"},"sameAs":["https:\/\/www.facebook.com\/vica.berlin","https:\/\/www.instagram.com\/vica.berlin\/","https:\/\/www.linkedin.com\/in\/stefanie-gurow-20770b1b3\/"]}]}},"_links":{"self":[{"href":"https:\/\/vica.berlin\/en\/wp-json\/wp\/v2\/pages\/2317","targetHints":{"allow":["GET"]}}],"collection":[{"href":"https:\/\/vica.berlin\/en\/wp-json\/wp\/v2\/pages"}],"about":[{"href":"https:\/\/vica.berlin\/en\/wp-json\/wp\/v2\/types\/page"}],"author":[{"embeddable":true,"href":"https:\/\/vica.berlin\/en\/wp-json\/wp\/v2\/users\/1"}],"replies":[{"embeddable":true,"href":"https:\/\/vica.berlin\/en\/wp-json\/wp\/v2\/comments?post=2317"}],"version-history":[{"count":9,"href":"https:\/\/vica.berlin\/en\/wp-json\/wp\/v2\/pages\/2317\/revisions"}],"predecessor-version":[{"id":2752,"href":"https:\/\/vica.berlin\/en\/wp-json\/wp\/v2\/pages\/2317\/revisions\/2752"}],"wp:attachment":[{"href":"https:\/\/vica.berlin\/en\/wp-json\/wp\/v2\/media?parent=2317"}],"curies":[{"name":"wp","href":"https:\/\/api.w.org\/{rel}","templated":true}]}}